{"id":292,"date":"2025-11-11T13:59:50","date_gmt":"2025-11-11T12:59:50","guid":{"rendered":"https:\/\/antoniacamia.adrirodrigom5.es\/?page_id=292"},"modified":"2025-12-05T08:57:56","modified_gmt":"2025-12-05T07:57:56","slug":"contacte","status":"publish","type":"page","link":"https:\/\/antoniacamia.adrirodrigom5.es\/es\/contacte\/","title":{"rendered":"Contacto"},"content":{"rendered":"\t\t<div data-elementor-type=\"wp-page\" data-elementor-id=\"292\" class=\"elementor elementor-292\" data-elementor-post-type=\"page\">\n\t\t\t\t<div class=\"elementor-element elementor-element-ac008dc e-flex e-con-boxed e-con e-parent\" data-id=\"ac008dc\" data-element_type=\"container\" data-e-type=\"container\" data-settings=\"{&quot;background_background&quot;:&quot;classic&quot;}\">\n\t\t\t\t\t<div class=\"e-con-inner\">\n\t\t\t\t\t<\/div>\n\t\t\t\t<\/div>\n\t\t<div class=\"elementor-element elementor-element-c6c86b8 e-flex e-con-boxed e-con e-parent\" data-id=\"c6c86b8\" data-element_type=\"container\" data-e-type=\"container\">\n\t\t\t\t\t<div class=\"e-con-inner\">\n\t\t<div class=\"elementor-element elementor-element-3f84fd9 e-con-full e-flex e-con e-child\" data-id=\"3f84fd9\" data-element_type=\"container\" data-e-type=\"container\">\n\t\t\t\t<div class=\"elementor-element elementor-element-f0806db elementor-widget elementor-widget-heading\" data-id=\"f0806db\" data-element_type=\"widget\" data-e-type=\"widget\" data-widget_type=\"heading.default\">\n\t\t\t\t<div class=\"elementor-widget-container\">\n\t\t\t\t\t<h2 class=\"elementor-heading-title elementor-size-default\">Contacta amb Ant\u00f2nia Camia<\/h2>\t\t\t\t<\/div>\n\t\t\t\t<\/div>\n\t\t\t\t<div class=\"elementor-element elementor-element-bcd0ad9 elementor-widget elementor-widget-text-editor\" data-id=\"bcd0ad9\" data-element_type=\"widget\" data-e-type=\"widget\" data-widget_type=\"text-editor.default\">\n\t\t\t\t<div class=\"elementor-widget-container\">\n\t\t\t\t\t\t\t\t\t<p data-start=\"253\" data-end=\"477\">Si tens qualsevol dubte sobre les nostres peces, vols informaci\u00f3 sobre disponibilitat, comandes personalitzades o simplement vols saber m\u00e9s sobre el nostre proc\u00e9s artes\u00e0, som aqu\u00ed per ajudar-te.<\/p>\t\t\t\t\t\t\t\t<\/div>\n\t\t\t\t<\/div>\n\t\t<div class=\"elementor-element elementor-element-ff45eea e-con-full e-flex e-con e-child\" data-id=\"ff45eea\" data-element_type=\"container\" data-e-type=\"container\">\n\t\t<div class=\"elementor-element elementor-element-356e1c7 e-con-full e-flex e-con e-child\" data-id=\"356e1c7\" data-element_type=\"container\" data-e-type=\"container\">\n\t\t\t\t<div class=\"elementor-element elementor-element-09ccb64 elementor-view-default elementor-position-block-start elementor-mobile-position-block-start elementor-widget elementor-widget-icon-box\" data-id=\"09ccb64\" data-element_type=\"widget\" data-e-type=\"widget\" data-widget_type=\"icon-box.default\">\n\t\t\t\t<div class=\"elementor-widget-container\">\n\t\t\t\t\t\t\t<div class=\"elementor-icon-box-wrapper\">\n\n\t\t\t\t\t\t<div class=\"elementor-icon-box-icon\">\n\t\t\t\t<span  class=\"elementor-icon\">\n\t\t\t\t<i aria-hidden=\"true\" class=\"icon icon-phone1\"><\/i>\t\t\t\t<\/span>\n\t\t\t<\/div>\n\t\t\t\n\t\t\t\t\t\t<div class=\"elementor-icon-box-content\">\n\n\t\t\t\t\t\t\t\t\t<h3 class=\"elementor-icon-box-title\">\n\t\t\t\t\t\t<span  >\n\t\t\t\t\t\t\tTel\u00e8fon\t\t\t\t\t\t<\/span>\n\t\t\t\t\t<\/h3>\n\t\t\t\t\n\t\t\t\t\t\t\t\t\t<p class=\"elementor-icon-box-description\">\n\t\t\t\t\t\t636 755 559\t\t\t\t\t<\/p>\n\t\t\t\t\n\t\t\t<\/div>\n\t\t\t\n\t\t<\/div>\n\t\t\t\t\t\t<\/div>\n\t\t\t\t<\/div>\n\t\t\t\t<\/div>\n\t\t<div class=\"elementor-element elementor-element-d53b838 e-con-full e-flex e-con e-child\" data-id=\"d53b838\" data-element_type=\"container\" data-e-type=\"container\">\n\t\t\t\t<div class=\"elementor-element elementor-element-baa3817 elementor-view-default elementor-position-block-start elementor-mobile-position-block-start elementor-widget elementor-widget-icon-box\" data-id=\"baa3817\" data-element_type=\"widget\" data-e-type=\"widget\" data-widget_type=\"icon-box.default\">\n\t\t\t\t<div class=\"elementor-widget-container\">\n\t\t\t\t\t\t\t<div class=\"elementor-icon-box-wrapper\">\n\n\t\t\t\t\t\t<div class=\"elementor-icon-box-icon\">\n\t\t\t\t<span  class=\"elementor-icon\">\n\t\t\t\t<i aria-hidden=\"true\" class=\"icon icon-email1\"><\/i>\t\t\t\t<\/span>\n\t\t\t<\/div>\n\t\t\t\n\t\t\t\t\t\t<div class=\"elementor-icon-box-content\">\n\n\t\t\t\t\t\t\t\t\t<h3 class=\"elementor-icon-box-title\">\n\t\t\t\t\t\t<span  >\n\t\t\t\t\t\t\tCorreu electr\u00f2nic\t\t\t\t\t\t<\/span>\n\t\t\t\t\t<\/h3>\n\t\t\t\t\n\t\t\t\t\t\t\t\t\t<p class=\"elementor-icon-box-description\">\n\t\t\t\t\t\tantoniacamia@gmail.com\t\t\t\t\t<\/p>\n\t\t\t\t\n\t\t\t<\/div>\n\t\t\t\n\t\t<\/div>\n\t\t\t\t\t\t<\/div>\n\t\t\t\t<\/div>\n\t\t\t\t<\/div>\n\t\t<div class=\"elementor-element elementor-element-c6820e8 e-con-full e-flex e-con e-child\" data-id=\"c6820e8\" data-element_type=\"container\" data-e-type=\"container\">\n\t\t\t\t<div class=\"elementor-element elementor-element-8acdcec elementor-view-default elementor-position-block-start elementor-mobile-position-block-start elementor-widget elementor-widget-icon-box\" data-id=\"8acdcec\" data-element_type=\"widget\" data-e-type=\"widget\" data-widget_type=\"icon-box.default\">\n\t\t\t\t<div class=\"elementor-widget-container\">\n\t\t\t\t\t\t\t<div class=\"elementor-icon-box-wrapper\">\n\n\t\t\t\t\t\t<div class=\"elementor-icon-box-icon\">\n\t\t\t\t<span  class=\"elementor-icon\">\n\t\t\t\t<svg aria-hidden=\"true\" class=\"e-font-icon-svg e-fas-map-marker-alt\" viewBox=\"0 0 384 512\" xmlns=\"http:\/\/www.w3.org\/2000\/svg\"><path d=\"M172.268 501.67C26.97 291.031 0 269.413 0 192 0 85.961 85.961 0 192 0s192 85.961 192 192c0 77.413-26.97 99.031-172.268 309.67-9.535 13.774-29.93 13.773-39.464 0zM192 272c44.183 0 80-35.817 80-80s-35.817-80-80-80-80 35.817-80 80 35.817 80 80 80z\"><\/path><\/svg>\t\t\t\t<\/span>\n\t\t\t<\/div>\n\t\t\t\n\t\t\t\t\t\t<div class=\"elementor-icon-box-content\">\n\n\t\t\t\t\t\t\t\t\t<h3 class=\"elementor-icon-box-title\">\n\t\t\t\t\t\t<span  >\n\t\t\t\t\t\t\tTaller\t\t\t\t\t\t<\/span>\n\t\t\t\t\t<\/h3>\n\t\t\t\t\n\t\t\t\t\t\t\t\t\t<p class=\"elementor-icon-box-description\">\n\t\t\t\t\t\tCarrer de la Ribera, 9, 07670 <\/br>Portocolom, Illes Balears\t\t\t\t\t<\/p>\n\t\t\t\t\n\t\t\t<\/div>\n\t\t\t\n\t\t<\/div>\n\t\t\t\t\t\t<\/div>\n\t\t\t\t<\/div>\n\t\t\t\t<\/div>\n\t\t<div class=\"elementor-element elementor-element-9d63595 e-con-full e-flex e-con e-child\" data-id=\"9d63595\" data-element_type=\"container\" data-e-type=\"container\">\n\t\t\t\t<div class=\"elementor-element elementor-element-10e2da9 elementor-view-default elementor-position-block-start elementor-mobile-position-block-start elementor-widget elementor-widget-icon-box\" data-id=\"10e2da9\" data-element_type=\"widget\" data-e-type=\"widget\" data-widget_type=\"icon-box.default\">\n\t\t\t\t<div class=\"elementor-widget-container\">\n\t\t\t\t\t\t\t<div class=\"elementor-icon-box-wrapper\">\n\n\t\t\t\t\t\t<div class=\"elementor-icon-box-icon\">\n\t\t\t\t<span  class=\"elementor-icon\">\n\t\t\t\t<svg aria-hidden=\"true\" class=\"e-font-icon-svg e-fab-instagram\" viewBox=\"0 0 448 512\" xmlns=\"http:\/\/www.w3.org\/2000\/svg\"><path d=\"M224.1 141c-63.6 0-114.9 51.3-114.9 114.9s51.3 114.9 114.9 114.9S339 319.5 339 255.9 287.7 141 224.1 141zm0 189.6c-41.1 0-74.7-33.5-74.7-74.7s33.5-74.7 74.7-74.7 74.7 33.5 74.7 74.7-33.6 74.7-74.7 74.7zm146.4-194.3c0 14.9-12 26.8-26.8 26.8-14.9 0-26.8-12-26.8-26.8s12-26.8 26.8-26.8 26.8 12 26.8 26.8zm76.1 27.2c-1.7-35.9-9.9-67.7-36.2-93.9-26.2-26.2-58-34.4-93.9-36.2-37-2.1-147.9-2.1-184.9 0-35.8 1.7-67.6 9.9-93.9 36.1s-34.4 58-36.2 93.9c-2.1 37-2.1 147.9 0 184.9 1.7 35.9 9.9 67.7 36.2 93.9s58 34.4 93.9 36.2c37 2.1 147.9 2.1 184.9 0 35.9-1.7 67.7-9.9 93.9-36.2 26.2-26.2 34.4-58 36.2-93.9 2.1-37 2.1-147.8 0-184.8zM398.8 388c-7.8 19.6-22.9 34.7-42.6 42.6-29.5 11.7-99.5 9-132.1 9s-102.7 2.6-132.1-9c-19.6-7.8-34.7-22.9-42.6-42.6-11.7-29.5-9-99.5-9-132.1s-2.6-102.7 9-132.1c7.8-19.6 22.9-34.7 42.6-42.6 29.5-11.7 99.5-9 132.1-9s102.7-2.6 132.1 9c19.6 7.8 34.7 22.9 42.6 42.6 11.7 29.5 9 99.5 9 132.1s2.7 102.7-9 132.1z\"><\/path><\/svg>\t\t\t\t<\/span>\n\t\t\t<\/div>\n\t\t\t\n\t\t\t\t\t\t<div class=\"elementor-icon-box-content\">\n\n\t\t\t\t\t\t\t\t\t<h3 class=\"elementor-icon-box-title\">\n\t\t\t\t\t\t<span  >\n\t\t\t\t\t\t\tXarxes socials\t\t\t\t\t\t<\/span>\n\t\t\t\t\t<\/h3>\n\t\t\t\t\n\t\t\t\t\t\t\t\t\t<p class=\"elementor-icon-box-description\">\n\t\t\t\t\t\t@antoniacamia\t\t\t\t\t<\/p>\n\t\t\t\t\n\t\t\t<\/div>\n\t\t\t\n\t\t<\/div>\n\t\t\t\t\t\t<\/div>\n\t\t\t\t<\/div>\n\t\t\t\t<\/div>\n\t\t\t\t<\/div>\n\t\t\t\t<div class=\"elementor-element elementor-element-51c3cf5 elementor-widget elementor-widget-heading\" data-id=\"51c3cf5\" data-element_type=\"widget\" data-e-type=\"widget\" data-widget_type=\"heading.default\">\n\t\t\t\t<div class=\"elementor-widget-container\">\n\t\t\t\t\t<h2 class=\"elementor-heading-title elementor-size-default\">Formulari de contacte<\/h2>\t\t\t\t<\/div>\n\t\t\t\t<\/div>\n\t\t\t\t<div class=\"elementor-element elementor-element-aa4c21d elementor-button-align-stretch elementor-widget elementor-widget-form\" data-id=\"aa4c21d\" data-element_type=\"widget\" data-e-type=\"widget\" data-settings=\"{&quot;button_width&quot;:&quot;50&quot;,&quot;step_next_label&quot;:&quot;Next&quot;,&quot;step_previous_label&quot;:&quot;Previous&quot;,&quot;step_type&quot;:&quot;number_text&quot;,&quot;step_icon_shape&quot;:&quot;circle&quot;}\" data-widget_type=\"form.default\">\n\t\t\t\t<div class=\"elementor-widget-container\">\n\t\t\t\t\t\t\t<form class=\"elementor-form\" method=\"post\" name=\"New Form\" aria-label=\"New Form\">\n\t\t\t<input type=\"hidden\" name=\"post_id\" value=\"292\"\/>\n\t\t\t<input type=\"hidden\" name=\"form_id\" value=\"aa4c21d\"\/>\n\t\t\t<input type=\"hidden\" name=\"referer_title\" value=\"Contacte - Ant\u00f2nia Camia Studio\" \/>\n\n\t\t\t\t\t\t\t<input type=\"hidden\" name=\"queried_id\" value=\"292\"\/>\n\t\t\t\n\t\t\t<div class=\"elementor-form-fields-wrapper elementor-labels-\">\n\t\t\t\t\t\t\t\t<div class=\"elementor-field-type-text elementor-field-group elementor-column elementor-field-group-name elementor-col-100\">\n\t\t\t\t\t\t\t\t\t\t\t\t<label for=\"form-field-name\" class=\"elementor-field-label elementor-screen-only\">\n\t\t\t\t\t\t\t\tNom\t\t\t\t\t\t\t<\/label>\n\t\t\t\t\t\t\t\t\t\t\t\t\t\t<input size=\"1\" type=\"text\" name=\"form_fields[name]\" id=\"form-field-name\" class=\"elementor-field elementor-size-sm  elementor-field-textual\" placeholder=\"Nom\">\n\t\t\t\t\t\t\t\t\t\t\t<\/div>\n\t\t\t\t\t\t\t\t<div class=\"elementor-field-type-tel elementor-field-group elementor-column elementor-field-group-message elementor-col-50\">\n\t\t\t\t\t\t\t\t\t\t\t\t<label for=\"form-field-message\" class=\"elementor-field-label elementor-screen-only\">\n\t\t\t\t\t\t\t\tTel\u00e8fon\t\t\t\t\t\t\t<\/label>\n\t\t\t\t\t\t\t\t<input size=\"1\" type=\"tel\" name=\"form_fields[message]\" id=\"form-field-message\" class=\"elementor-field elementor-size-sm  elementor-field-textual\" placeholder=\"Tel\u00e8fon\" pattern=\"[0-9()#&amp;+*-=.]+\" title=\"Nom\u00e9s s&#039;accepten n\u00fameros i car\u00e0cters telef\u00f2nics (#, -, *, etc.).\">\n\n\t\t\t\t\t\t<\/div>\n\t\t\t\t\t\t\t\t<div class=\"elementor-field-type-email elementor-field-group elementor-column elementor-field-group-email elementor-col-50 elementor-field-required\">\n\t\t\t\t\t\t\t\t\t\t\t\t<label for=\"form-field-email\" class=\"elementor-field-label elementor-screen-only\">\n\t\t\t\t\t\t\t\temail\t\t\t\t\t\t\t<\/label>\n\t\t\t\t\t\t\t\t\t\t\t\t\t\t<input size=\"1\" type=\"email\" name=\"form_fields[email]\" id=\"form-field-email\" class=\"elementor-field elementor-size-sm  elementor-field-textual\" placeholder=\"E-mail\" required=\"required\">\n\t\t\t\t\t\t\t\t\t\t\t<\/div>\n\t\t\t\t\t\t\t\t<div class=\"elementor-field-type-textarea elementor-field-group elementor-column elementor-field-group-field_57520b6 elementor-col-100 elementor-field-required\">\n\t\t\t\t\t\t\t\t\t\t\t\t<label for=\"form-field-field_57520b6\" class=\"elementor-field-label elementor-screen-only\">\n\t\t\t\t\t\t\t\tmissatge\t\t\t\t\t\t\t<\/label>\n\t\t\t\t\t\t<textarea class=\"elementor-field-textual elementor-field  elementor-size-sm\" name=\"form_fields[field_57520b6]\" id=\"form-field-field_57520b6\" rows=\"5\" placeholder=\"Missatge\" required=\"required\"><\/textarea>\t\t\t\t<\/div>\n\t\t\t\t\t\t\t\t<div class=\"elementor-field-type-acceptance elementor-field-group elementor-column elementor-field-group-field_9e877a5 elementor-col-100 elementor-field-required\">\n\t\t\t\t\t\t\t<div class=\"elementor-field-subgroup\">\n\t\t\t<span class=\"elementor-field-option\">\n\t\t\t\t<input type=\"checkbox\" name=\"form_fields[field_9e877a5]\" id=\"form-field-field_9e877a5\" class=\"elementor-field elementor-size-sm  elementor-acceptance-field\" required=\"required\">\n\t\t\t\t<label for=\"form-field-field_9e877a5\">Accepto els termes i condicions<\/label>\t\t\t<\/span>\n\t\t<\/div>\n\t\t\t\t\t\t<\/div>\n\t\t\t\t\t\t\t\t<div class=\"elementor-field-type-html elementor-field-group elementor-column elementor-field-group-field_04aa803 elementor-col-100\">\n\t\t\t\t\tEn enviar aquest formulari, confirm que he llegit i accept els termes i condicions, inclosa la pol\u00edtica de privacitat, i autoritz el tractament de les meves dades amb la finalitat de rebre resposta a la meva consulta.\t\t\t\t<\/div>\n\t\t\t\t\t\t\t\t<div class=\"elementor-field-group elementor-column elementor-field-type-submit elementor-col-50 e-form__buttons\">\n\t\t\t\t\t<button class=\"elementor-button elementor-size-sm\" type=\"submit\">\n\t\t\t\t\t\t<span class=\"elementor-button-content-wrapper\">\n\t\t\t\t\t\t\t\t\t\t\t\t\t\t\t\t\t\t\t\t\t\t<span class=\"elementor-button-text\">Enviar informaci\u00f3<\/span>\n\t\t\t\t\t\t\t\t\t\t\t\t\t<\/span>\n\t\t\t\t\t<\/button>\n\t\t\t\t<\/div>\n\t\t\t<\/div>\n\t\t<\/form>\n\t\t\t\t\t\t<\/div>\n\t\t\t\t<\/div>\n\t\t\t\t<\/div>\n\t\t\t\t\t<\/div>\n\t\t\t\t<\/div>\n\t\t<div class=\"elementor-element elementor-element-ab0e406 e-con-full e-flex e-con e-parent\" data-id=\"ab0e406\" data-element_type=\"container\" data-e-type=\"container\">\n\t\t\t\t<div class=\"elementor-element elementor-element-f3d9aaa elementor-widget elementor-widget-google_maps\" data-id=\"f3d9aaa\" data-element_type=\"widget\" data-e-type=\"widget\" data-widget_type=\"google_maps.default\">\n\t\t\t\t<div class=\"elementor-widget-container\">\n\t\t\t\t\t\t\t<div class=\"elementor-custom-embed\">\n\t\t\t<iframe loading=\"lazy\"\n\t\t\t\t\tsrc=\"https:\/\/maps.google.com\/maps?q=ant%C3%B2nia%20camia%20%3A%20Carrer%20de%20la%20Ribera%2C%209%2C%2007670%20Portocolom%2C%20Illes&#038;t=m&#038;z=19&#038;output=embed&#038;iwloc=near\"\n\t\t\t\t\ttitle=\"ant\u00f2nia camia : Carrer de la Ribera, 9, 07670 Portocolom, Illes\"\n\t\t\t\t\taria-label=\"ant\u00f2nia camia : Carrer de la Ribera, 9, 07670 Portocolom, Illes\"\n\t\t\t><\/iframe>\n\t\t<\/div>\n\t\t\t\t\t\t<\/div>\n\t\t\t\t<\/div>\n\t\t\t\t<\/div>\n\t\t\t\t<\/div>\n\t\t","protected":false},"excerpt":{"rendered":"<p>Contacta amb Ant\u00f2nia Camia Si tens qualsevol dubte sobre les nostres peces, vols informaci\u00f3 sobre disponibilitat, comandes personalitzades o simplement vols saber m\u00e9s sobre el nostre proc\u00e9s artes\u00e0, som aqu\u00ed per ajudar-te. Tel\u00e8fon 636 755 559 Correu electr\u00f2nic antoniacamia@gmail.com Taller Carrer de la Ribera, 9, 07670 Portocolom, Illes Balears Xarxes socials @antoniacamia Formulari de contacte<\/p>","protected":false},"author":7,"featured_media":0,"parent":0,"menu_order":0,"comment_status":"closed","ping_status":"closed","template":"","meta":{"_joinchat":[],"footnotes":""},"class_list":["post-292","page","type-page","status-publish","hentry"],"yoast_head":"<!-- This site is optimized with the Yoast SEO plugin v27.3 - https:\/\/yoast.com\/product\/yoast-seo-wordpress\/ -->\n<title>Contacte - Ant\u00f2nia Camia Studio<\/title>\n<meta name=\"robots\" content=\"noindex, follow, max-snippet:-1, max-image-preview:large, max-video-preview:-1\" \/>\n<meta property=\"og:locale\" content=\"es_ES\" \/>\n<meta property=\"og:type\" content=\"article\" \/>\n<meta property=\"og:title\" content=\"Contacte - Ant\u00f2nia Camia Studio\" \/>\n<meta property=\"og:description\" content=\"Contacta amb Ant\u00f2nia Camia Si tens qualsevol dubte sobre les nostres peces, vols informaci\u00f3 sobre disponibilitat, comandes personalitzades o simplement vols saber m\u00e9s sobre el nostre proc\u00e9s artes\u00e0, som aqu\u00ed per ajudar-te. Tel\u00e8fon 636 755 559 Correu electr\u00f2nic antoniacamia@gmail.com Taller Carrer de la Ribera, 9, 07670 Portocolom, Illes Balears Xarxes socials @antoniacamia Formulari de contacte\" \/>\n<meta property=\"og:url\" content=\"https:\/\/antoniacamia.adrirodrigom5.es\/es\/contacte\/\" \/>\n<meta property=\"og:site_name\" content=\"Ant\u00f2nia Camia Studio\" \/>\n<meta property=\"article:modified_time\" content=\"2025-12-05T07:57:56+00:00\" \/>\n<meta name=\"twitter:card\" content=\"summary_large_image\" \/>\n<meta name=\"twitter:label1\" content=\"Tiempo de lectura\" \/>\n\t<meta name=\"twitter:data1\" content=\"1 minuto\" \/>\n<script type=\"application\/ld+json\" class=\"yoast-schema-graph\">{\"@context\":\"https:\\\/\\\/schema.org\",\"@graph\":[{\"@type\":\"WebPage\",\"@id\":\"https:\\\/\\\/antoniacamia.adrirodrigom5.es\\\/contacte\\\/\",\"url\":\"https:\\\/\\\/antoniacamia.adrirodrigom5.es\\\/contacte\\\/\",\"name\":\"Contacte - Ant\u00f2nia Camia Studio\",\"isPartOf\":{\"@id\":\"https:\\\/\\\/antoniacamia.adrirodrigom5.es\\\/#website\"},\"datePublished\":\"2025-11-11T12:59:50+00:00\",\"dateModified\":\"2025-12-05T07:57:56+00:00\",\"breadcrumb\":{\"@id\":\"https:\\\/\\\/antoniacamia.adrirodrigom5.es\\\/contacte\\\/#breadcrumb\"},\"inLanguage\":\"es\",\"potentialAction\":[{\"@type\":\"ReadAction\",\"target\":[\"https:\\\/\\\/antoniacamia.adrirodrigom5.es\\\/contacte\\\/\"]}]},{\"@type\":\"BreadcrumbList\",\"@id\":\"https:\\\/\\\/antoniacamia.adrirodrigom5.es\\\/contacte\\\/#breadcrumb\",\"itemListElement\":[{\"@type\":\"ListItem\",\"position\":1,\"name\":\"Portada\",\"item\":\"https:\\\/\\\/antoniacamia.adrirodrigom5.es\\\/\"},{\"@type\":\"ListItem\",\"position\":2,\"name\":\"Contacte\"}]},{\"@type\":\"WebSite\",\"@id\":\"https:\\\/\\\/antoniacamia.adrirodrigom5.es\\\/#website\",\"url\":\"https:\\\/\\\/antoniacamia.adrirodrigom5.es\\\/\",\"name\":\"Ant\u00f2nia Camia Studio\",\"description\":\"\",\"publisher\":{\"@id\":\"https:\\\/\\\/antoniacamia.adrirodrigom5.es\\\/#organization\"},\"potentialAction\":[{\"@type\":\"SearchAction\",\"target\":{\"@type\":\"EntryPoint\",\"urlTemplate\":\"https:\\\/\\\/antoniacamia.adrirodrigom5.es\\\/?s={search_term_string}\"},\"query-input\":{\"@type\":\"PropertyValueSpecification\",\"valueRequired\":true,\"valueName\":\"search_term_string\"}}],\"inLanguage\":\"es\"},{\"@type\":\"Organization\",\"@id\":\"https:\\\/\\\/antoniacamia.adrirodrigom5.es\\\/#organization\",\"name\":\"Ant\u00f2nia Camia Studio\",\"url\":\"https:\\\/\\\/antoniacamia.adrirodrigom5.es\\\/\",\"logo\":{\"@type\":\"ImageObject\",\"inLanguage\":\"es\",\"@id\":\"https:\\\/\\\/antoniacamia.adrirodrigom5.es\\\/#\\\/schema\\\/logo\\\/image\\\/\",\"url\":\"https:\\\/\\\/antoniacamia.adrirodrigom5.es\\\/wp-content\\\/uploads\\\/2025\\\/11\\\/IMG_7216-1-1.jpg\",\"contentUrl\":\"https:\\\/\\\/antoniacamia.adrirodrigom5.es\\\/wp-content\\\/uploads\\\/2025\\\/11\\\/IMG_7216-1-1.jpg\",\"width\":765,\"height\":425,\"caption\":\"Ant\u00f2nia Camia Studio\"},\"image\":{\"@id\":\"https:\\\/\\\/antoniacamia.adrirodrigom5.es\\\/#\\\/schema\\\/logo\\\/image\\\/\"}}]}<\/script>\n<!-- \/ Yoast SEO plugin. -->","yoast_head_json":{"title":"Contacte - Ant\u00f2nia Camia Studio","robots":{"index":"noindex","follow":"follow","max-snippet":"max-snippet:-1","max-image-preview":"max-image-preview:large","max-video-preview":"max-video-preview:-1"},"og_locale":"es_ES","og_type":"article","og_title":"Contacte - Ant\u00f2nia Camia Studio","og_description":"Contacta amb Ant\u00f2nia Camia Si tens qualsevol dubte sobre les nostres peces, vols informaci\u00f3 sobre disponibilitat, comandes personalitzades o simplement vols saber m\u00e9s sobre el nostre proc\u00e9s artes\u00e0, som aqu\u00ed per ajudar-te. Tel\u00e8fon 636 755 559 Correu electr\u00f2nic antoniacamia@gmail.com Taller Carrer de la Ribera, 9, 07670 Portocolom, Illes Balears Xarxes socials @antoniacamia Formulari de contacte","og_url":"https:\/\/antoniacamia.adrirodrigom5.es\/es\/contacte\/","og_site_name":"Ant\u00f2nia Camia Studio","article_modified_time":"2025-12-05T07:57:56+00:00","twitter_card":"summary_large_image","twitter_misc":{"Tiempo de lectura":"1 minuto"},"schema":{"@context":"https:\/\/schema.org","@graph":[{"@type":"WebPage","@id":"https:\/\/antoniacamia.adrirodrigom5.es\/contacte\/","url":"https:\/\/antoniacamia.adrirodrigom5.es\/contacte\/","name":"Contacte - Ant\u00f2nia Camia Studio","isPartOf":{"@id":"https:\/\/antoniacamia.adrirodrigom5.es\/#website"},"datePublished":"2025-11-11T12:59:50+00:00","dateModified":"2025-12-05T07:57:56+00:00","breadcrumb":{"@id":"https:\/\/antoniacamia.adrirodrigom5.es\/contacte\/#breadcrumb"},"inLanguage":"es","potentialAction":[{"@type":"ReadAction","target":["https:\/\/antoniacamia.adrirodrigom5.es\/contacte\/"]}]},{"@type":"BreadcrumbList","@id":"https:\/\/antoniacamia.adrirodrigom5.es\/contacte\/#breadcrumb","itemListElement":[{"@type":"ListItem","position":1,"name":"Portada","item":"https:\/\/antoniacamia.adrirodrigom5.es\/"},{"@type":"ListItem","position":2,"name":"Contacte"}]},{"@type":"WebSite","@id":"https:\/\/antoniacamia.adrirodrigom5.es\/#website","url":"https:\/\/antoniacamia.adrirodrigom5.es\/","name":"Ant\u00f2nia Camia Studio","description":"","publisher":{"@id":"https:\/\/antoniacamia.adrirodrigom5.es\/#organization"},"potentialAction":[{"@type":"SearchAction","target":{"@type":"EntryPoint","urlTemplate":"https:\/\/antoniacamia.adrirodrigom5.es\/?s={search_term_string}"},"query-input":{"@type":"PropertyValueSpecification","valueRequired":true,"valueName":"search_term_string"}}],"inLanguage":"es"},{"@type":"Organization","@id":"https:\/\/antoniacamia.adrirodrigom5.es\/#organization","name":"Ant\u00f2nia Camia Studio","url":"https:\/\/antoniacamia.adrirodrigom5.es\/","logo":{"@type":"ImageObject","inLanguage":"es","@id":"https:\/\/antoniacamia.adrirodrigom5.es\/#\/schema\/logo\/image\/","url":"https:\/\/antoniacamia.adrirodrigom5.es\/wp-content\/uploads\/2025\/11\/IMG_7216-1-1.jpg","contentUrl":"https:\/\/antoniacamia.adrirodrigom5.es\/wp-content\/uploads\/2025\/11\/IMG_7216-1-1.jpg","width":765,"height":425,"caption":"Ant\u00f2nia Camia Studio"},"image":{"@id":"https:\/\/antoniacamia.adrirodrigom5.es\/#\/schema\/logo\/image\/"}}]}},"_links":{"self":[{"href":"https:\/\/antoniacamia.adrirodrigom5.es\/es\/wp-json\/wp\/v2\/pages\/292","targetHints":{"allow":["GET"]}}],"collection":[{"href":"https:\/\/antoniacamia.adrirodrigom5.es\/es\/wp-json\/wp\/v2\/pages"}],"about":[{"href":"https:\/\/antoniacamia.adrirodrigom5.es\/es\/wp-json\/wp\/v2\/types\/page"}],"author":[{"embeddable":true,"href":"https:\/\/antoniacamia.adrirodrigom5.es\/es\/wp-json\/wp\/v2\/users\/7"}],"replies":[{"embeddable":true,"href":"https:\/\/antoniacamia.adrirodrigom5.es\/es\/wp-json\/wp\/v2\/comments?post=292"}],"version-history":[{"count":38,"href":"https:\/\/antoniacamia.adrirodrigom5.es\/es\/wp-json\/wp\/v2\/pages\/292\/revisions"}],"predecessor-version":[{"id":1309,"href":"https:\/\/antoniacamia.adrirodrigom5.es\/es\/wp-json\/wp\/v2\/pages\/292\/revisions\/1309"}],"wp:attachment":[{"href":"https:\/\/antoniacamia.adrirodrigom5.es\/es\/wp-json\/wp\/v2\/media?parent=292"}],"curies":[{"name":"wp","href":"https:\/\/api.w.org\/{rel}","templated":true}]}}