{"id":1283,"date":"2025-12-05T08:29:23","date_gmt":"2025-12-05T07:29:23","guid":{"rendered":"https:\/\/antoniacamia.adrirodrigom5.es\/?page_id=1283"},"modified":"2025-12-05T08:35:37","modified_gmt":"2025-12-05T07:35:37","slug":"panell-usuari","status":"publish","type":"page","link":"https:\/\/antoniacamia.adrirodrigom5.es\/es\/panell-usuari\/","title":{"rendered":"Panell usuari"},"content":{"rendered":"<div data-elementor-type=\"wp-page\" data-elementor-id=\"1283\" class=\"elementor elementor-1283\" data-elementor-post-type=\"page\">\n\t\t\t\t<div class=\"elementor-element elementor-element-fe8b478 e-flex e-con-boxed e-con e-parent\" data-id=\"fe8b478\" data-element_type=\"container\" data-e-type=\"container\" data-settings=\"{&quot;background_background&quot;:&quot;classic&quot;}\">\n\t\t\t\t\t<div class=\"e-con-inner\">\n\t\t\t\t\t<\/div>\n\t\t\t\t<\/div>\n\t\t<div class=\"elementor-element elementor-element-c61d440 jedv-enabled--yes e-flex e-con-boxed e-con e-parent\" data-id=\"c61d440\" data-element_type=\"container\" data-e-type=\"container\">\n\t\t\t\t\t<div class=\"e-con-inner\">\n\t\t\t\t<div class=\"elementor-element elementor-element-d4aefe7 e-my-account-tabs-horizontal elementor-widget elementor-widget-woocommerce-my-account\" data-id=\"d4aefe7\" data-element_type=\"widget\" data-e-type=\"widget\" data-widget_type=\"woocommerce-my-account.default\">\n\t\t\t\t<div class=\"elementor-widget-container\">\n\t\t\t\t\t<div class=\"e-my-account-tab e-my-account-tab__\">\t\t\t<div class=\"woocommerce\"><\/div>\t\t<\/div>\n\t\t\t\t\t\t<\/div>\n\t\t\t\t<\/div>\n\t\t\t\t<div class=\"elementor-element elementor-element-abe034a elementor-widget elementor-widget-text-editor\" data-id=\"abe034a\" data-element_type=\"widget\" data-e-type=\"widget\" data-widget_type=\"text-editor.default\">\n\t\t\t\t<div class=\"elementor-widget-container\">\n\t\t\t\t\t\t\t\t\t<p>No tens compte? <a href=\"http:\/\/registre-usuari\"><strong>Registra&#8217;t aqu\u00ed.<\/strong><\/a>.<\/p>\t\t\t\t\t\t\t\t<\/div>\n\t\t\t\t<\/div>\n\t\t\t\t\t<\/div>\n\t\t\t\t<\/div>\n\t\t\t\t<\/div>","protected":false},"excerpt":{"rendered":"<p>Escritorio Pedidos Descargas Direcciones Detalles de la cuenta Cerrar sesi\u00f3n Escritorio Pedidos Descargas Direcciones Detalles de la cuenta Cerrar sesi\u00f3n Escritorio Pedidos Descargas Direcciones Detalles de la cuenta Cerrar sesi\u00f3n Escritorio Pedidos Descargas Direcciones Detalles de la cuenta Cerrar sesi\u00f3n Hola manueldelao (\u00bfno eres manueldelao? Cerrar sesi\u00f3n) Desde el escritorio de tu cuenta puedes ver [&hellip;]<\/p>\n","protected":false},"author":6,"featured_media":0,"parent":0,"menu_order":0,"comment_status":"closed","ping_status":"closed","template":"","meta":{"_joinchat":[],"footnotes":""},"class_list":["post-1283","page","type-page","status-publish","hentry"],"yoast_head":"<!-- This site is optimized with the Yoast SEO plugin v27.3 - https:\/\/yoast.com\/product\/yoast-seo-wordpress\/ -->\n<title>Panell usuari - Ant\u00f2nia Camia Studio<\/title>\n<meta name=\"robots\" content=\"noindex, follow, max-snippet:-1, max-image-preview:large, max-video-preview:-1\" \/>\n<meta property=\"og:locale\" content=\"es_ES\" \/>\n<meta property=\"og:type\" content=\"article\" \/>\n<meta property=\"og:title\" content=\"Panell usuari - Ant\u00f2nia Camia Studio\" \/>\n<meta property=\"og:description\" content=\"Escritorio Pedidos Descargas Direcciones Detalles de la cuenta Cerrar sesi\u00f3n Escritorio Pedidos Descargas Direcciones Detalles de la cuenta Cerrar sesi\u00f3n Escritorio Pedidos Descargas Direcciones Detalles de la cuenta Cerrar sesi\u00f3n Escritorio Pedidos Descargas Direcciones Detalles de la cuenta Cerrar sesi\u00f3n Hola manueldelao (\u00bfno eres manueldelao? Cerrar sesi\u00f3n) Desde el escritorio de tu cuenta puedes ver [&hellip;]\" \/>\n<meta property=\"og:url\" content=\"https:\/\/antoniacamia.adrirodrigom5.es\/es\/panell-usuari\/\" \/>\n<meta property=\"og:site_name\" content=\"Ant\u00f2nia Camia Studio\" \/>\n<meta property=\"article:modified_time\" content=\"2025-12-05T07:35:37+00:00\" \/>\n<meta name=\"twitter:card\" content=\"summary_large_image\" \/>\n<meta name=\"twitter:label1\" content=\"Tiempo de lectura\" \/>\n\t<meta name=\"twitter:data1\" content=\"3 minutos\" \/>\n<script type=\"application\/ld+json\" class=\"yoast-schema-graph\">{\"@context\":\"https:\\\/\\\/schema.org\",\"@graph\":[{\"@type\":\"WebPage\",\"@id\":\"https:\\\/\\\/antoniacamia.adrirodrigom5.es\\\/panell-usuari\\\/\",\"url\":\"https:\\\/\\\/antoniacamia.adrirodrigom5.es\\\/panell-usuari\\\/\",\"name\":\"Panell usuari - Ant\u00f2nia Camia Studio\",\"isPartOf\":{\"@id\":\"https:\\\/\\\/antoniacamia.adrirodrigom5.es\\\/#website\"},\"datePublished\":\"2025-12-05T07:29:23+00:00\",\"dateModified\":\"2025-12-05T07:35:37+00:00\",\"breadcrumb\":{\"@id\":\"https:\\\/\\\/antoniacamia.adrirodrigom5.es\\\/panell-usuari\\\/#breadcrumb\"},\"inLanguage\":\"es\",\"potentialAction\":[{\"@type\":\"ReadAction\",\"target\":[\"https:\\\/\\\/antoniacamia.adrirodrigom5.es\\\/panell-usuari\\\/\"]}]},{\"@type\":\"BreadcrumbList\",\"@id\":\"https:\\\/\\\/antoniacamia.adrirodrigom5.es\\\/panell-usuari\\\/#breadcrumb\",\"itemListElement\":[{\"@type\":\"ListItem\",\"position\":1,\"name\":\"Portada\",\"item\":\"https:\\\/\\\/antoniacamia.adrirodrigom5.es\\\/\"},{\"@type\":\"ListItem\",\"position\":2,\"name\":\"Panell usuari\"}]},{\"@type\":\"WebSite\",\"@id\":\"https:\\\/\\\/antoniacamia.adrirodrigom5.es\\\/#website\",\"url\":\"https:\\\/\\\/antoniacamia.adrirodrigom5.es\\\/\",\"name\":\"Ant\u00f2nia Camia Studio\",\"description\":\"\",\"publisher\":{\"@id\":\"https:\\\/\\\/antoniacamia.adrirodrigom5.es\\\/#organization\"},\"potentialAction\":[{\"@type\":\"SearchAction\",\"target\":{\"@type\":\"EntryPoint\",\"urlTemplate\":\"https:\\\/\\\/antoniacamia.adrirodrigom5.es\\\/?s={search_term_string}\"},\"query-input\":{\"@type\":\"PropertyValueSpecification\",\"valueRequired\":true,\"valueName\":\"search_term_string\"}}],\"inLanguage\":\"es\"},{\"@type\":\"Organization\",\"@id\":\"https:\\\/\\\/antoniacamia.adrirodrigom5.es\\\/#organization\",\"name\":\"Ant\u00f2nia Camia Studio\",\"url\":\"https:\\\/\\\/antoniacamia.adrirodrigom5.es\\\/\",\"logo\":{\"@type\":\"ImageObject\",\"inLanguage\":\"es\",\"@id\":\"https:\\\/\\\/antoniacamia.adrirodrigom5.es\\\/#\\\/schema\\\/logo\\\/image\\\/\",\"url\":\"https:\\\/\\\/antoniacamia.adrirodrigom5.es\\\/wp-content\\\/uploads\\\/2025\\\/11\\\/IMG_7216-1-1.jpg\",\"contentUrl\":\"https:\\\/\\\/antoniacamia.adrirodrigom5.es\\\/wp-content\\\/uploads\\\/2025\\\/11\\\/IMG_7216-1-1.jpg\",\"width\":765,\"height\":425,\"caption\":\"Ant\u00f2nia Camia Studio\"},\"image\":{\"@id\":\"https:\\\/\\\/antoniacamia.adrirodrigom5.es\\\/#\\\/schema\\\/logo\\\/image\\\/\"}}]}<\/script>\n<!-- \/ Yoast SEO plugin. -->","yoast_head_json":{"title":"Panell usuari - Ant\u00f2nia Camia Studio","robots":{"index":"noindex","follow":"follow","max-snippet":"max-snippet:-1","max-image-preview":"max-image-preview:large","max-video-preview":"max-video-preview:-1"},"og_locale":"es_ES","og_type":"article","og_title":"Panell usuari - Ant\u00f2nia Camia Studio","og_description":"Escritorio Pedidos Descargas Direcciones Detalles de la cuenta Cerrar sesi\u00f3n Escritorio Pedidos Descargas Direcciones Detalles de la cuenta Cerrar sesi\u00f3n Escritorio Pedidos Descargas Direcciones Detalles de la cuenta Cerrar sesi\u00f3n Escritorio Pedidos Descargas Direcciones Detalles de la cuenta Cerrar sesi\u00f3n Hola manueldelao (\u00bfno eres manueldelao? Cerrar sesi\u00f3n) Desde el escritorio de tu cuenta puedes ver [&hellip;]","og_url":"https:\/\/antoniacamia.adrirodrigom5.es\/es\/panell-usuari\/","og_site_name":"Ant\u00f2nia Camia Studio","article_modified_time":"2025-12-05T07:35:37+00:00","twitter_card":"summary_large_image","twitter_misc":{"Tiempo de lectura":"3 minutos"},"schema":{"@context":"https:\/\/schema.org","@graph":[{"@type":"WebPage","@id":"https:\/\/antoniacamia.adrirodrigom5.es\/panell-usuari\/","url":"https:\/\/antoniacamia.adrirodrigom5.es\/panell-usuari\/","name":"Panell usuari - Ant\u00f2nia Camia Studio","isPartOf":{"@id":"https:\/\/antoniacamia.adrirodrigom5.es\/#website"},"datePublished":"2025-12-05T07:29:23+00:00","dateModified":"2025-12-05T07:35:37+00:00","breadcrumb":{"@id":"https:\/\/antoniacamia.adrirodrigom5.es\/panell-usuari\/#breadcrumb"},"inLanguage":"es","potentialAction":[{"@type":"ReadAction","target":["https:\/\/antoniacamia.adrirodrigom5.es\/panell-usuari\/"]}]},{"@type":"BreadcrumbList","@id":"https:\/\/antoniacamia.adrirodrigom5.es\/panell-usuari\/#breadcrumb","itemListElement":[{"@type":"ListItem","position":1,"name":"Portada","item":"https:\/\/antoniacamia.adrirodrigom5.es\/"},{"@type":"ListItem","position":2,"name":"Panell usuari"}]},{"@type":"WebSite","@id":"https:\/\/antoniacamia.adrirodrigom5.es\/#website","url":"https:\/\/antoniacamia.adrirodrigom5.es\/","name":"Ant\u00f2nia Camia Studio","description":"","publisher":{"@id":"https:\/\/antoniacamia.adrirodrigom5.es\/#organization"},"potentialAction":[{"@type":"SearchAction","target":{"@type":"EntryPoint","urlTemplate":"https:\/\/antoniacamia.adrirodrigom5.es\/?s={search_term_string}"},"query-input":{"@type":"PropertyValueSpecification","valueRequired":true,"valueName":"search_term_string"}}],"inLanguage":"es"},{"@type":"Organization","@id":"https:\/\/antoniacamia.adrirodrigom5.es\/#organization","name":"Ant\u00f2nia Camia Studio","url":"https:\/\/antoniacamia.adrirodrigom5.es\/","logo":{"@type":"ImageObject","inLanguage":"es","@id":"https:\/\/antoniacamia.adrirodrigom5.es\/#\/schema\/logo\/image\/","url":"https:\/\/antoniacamia.adrirodrigom5.es\/wp-content\/uploads\/2025\/11\/IMG_7216-1-1.jpg","contentUrl":"https:\/\/antoniacamia.adrirodrigom5.es\/wp-content\/uploads\/2025\/11\/IMG_7216-1-1.jpg","width":765,"height":425,"caption":"Ant\u00f2nia Camia Studio"},"image":{"@id":"https:\/\/antoniacamia.adrirodrigom5.es\/#\/schema\/logo\/image\/"}}]}},"_links":{"self":[{"href":"https:\/\/antoniacamia.adrirodrigom5.es\/es\/wp-json\/wp\/v2\/pages\/1283","targetHints":{"allow":["GET"]}}],"collection":[{"href":"https:\/\/antoniacamia.adrirodrigom5.es\/es\/wp-json\/wp\/v2\/pages"}],"about":[{"href":"https:\/\/antoniacamia.adrirodrigom5.es\/es\/wp-json\/wp\/v2\/types\/page"}],"author":[{"embeddable":true,"href":"https:\/\/antoniacamia.adrirodrigom5.es\/es\/wp-json\/wp\/v2\/users\/6"}],"replies":[{"embeddable":true,"href":"https:\/\/antoniacamia.adrirodrigom5.es\/es\/wp-json\/wp\/v2\/comments?post=1283"}],"version-history":[{"count":6,"href":"https:\/\/antoniacamia.adrirodrigom5.es\/es\/wp-json\/wp\/v2\/pages\/1283\/revisions"}],"predecessor-version":[{"id":1296,"href":"https:\/\/antoniacamia.adrirodrigom5.es\/es\/wp-json\/wp\/v2\/pages\/1283\/revisions\/1296"}],"wp:attachment":[{"href":"https:\/\/antoniacamia.adrirodrigom5.es\/es\/wp-json\/wp\/v2\/media?parent=1283"}],"curies":[{"name":"wp","href":"https:\/\/api.w.org\/{rel}","templated":true}]}}