{"id":237,"date":"2025-11-11T12:06:52","date_gmt":"2025-11-11T11:06:52","guid":{"rendered":"https:\/\/antoniacamia.adrirodrigom5.es\/?post_type=product&#038;p=237"},"modified":"2025-12-05T09:55:11","modified_gmt":"2025-12-05T08:55:11","slug":"camisa-coto-dona","status":"publish","type":"product","link":"https:\/\/antoniacamia.adrirodrigom5.es\/en\/product\/camisa-coto-dona\/","title":{"rendered":"women&#039;s cotton shirt"},"content":{"rendered":"<p><span data-sheets-root=\"1\">camises amb un tall cl\u00e0sic una mica entallat<\/span><\/p>","protected":false},"excerpt":{"rendered":"<p><span data-sheets-root=\"1\">camises de cot\u00f3 100%<\/span><\/p>","protected":false},"featured_media":0,"comment_status":"open","ping_status":"closed","template":"","meta":{"_joinchat":[]},"product_brand":[],"product_cat":[32,28],"product_tag":[],"class_list":{"0":"post-237","1":"product","2":"type-product","3":"status-publish","5":"product_cat-camisa-homes","6":"product_cat-homes","8":"first","9":"instock","10":"shipping-taxable","11":"purchasable","12":"product-type-variable"},"yoast_head":"<!-- This site is optimized with the Yoast SEO plugin v27.3 - https:\/\/yoast.com\/product\/yoast-seo-wordpress\/ -->\n<title>camisa cot\u00f3 dona - Ant\u00f2nia Camia Studio<\/title>\n<meta name=\"robots\" content=\"noindex, follow, max-snippet:-1, max-image-preview:large, max-video-preview:-1\" \/>\n<meta property=\"og:locale\" content=\"en_GB\" \/>\n<meta property=\"og:type\" content=\"article\" \/>\n<meta property=\"og:title\" content=\"camisa cot\u00f3 dona - Ant\u00f2nia Camia Studio\" \/>\n<meta property=\"og:description\" content=\"camises de cot\u00f3 100%\" \/>\n<meta property=\"og:url\" content=\"https:\/\/antoniacamia.adrirodrigom5.es\/en\/product\/camisa-coto-dona\/\" \/>\n<meta property=\"og:site_name\" content=\"Ant\u00f2nia Camia Studio\" \/>\n<meta property=\"article:modified_time\" content=\"2025-12-05T08:55:11+00:00\" \/>\n<meta name=\"twitter:card\" content=\"summary_large_image\" \/>\n<meta name=\"twitter:label1\" content=\"Estimated reading time\" \/>\n\t<meta name=\"twitter:data1\" content=\"1 minute\" \/>\n<script type=\"application\/ld+json\" class=\"yoast-schema-graph\">{\"@context\":\"https:\\\/\\\/schema.org\",\"@graph\":[{\"@type\":\"WebPage\",\"@id\":\"https:\\\/\\\/antoniacamia.adrirodrigom5.es\\\/product\\\/camisa-coto-dona\\\/\",\"url\":\"https:\\\/\\\/antoniacamia.adrirodrigom5.es\\\/product\\\/camisa-coto-dona\\\/\",\"name\":\"camisa cot\u00f3 dona - Ant\u00f2nia Camia Studio\",\"isPartOf\":{\"@id\":\"https:\\\/\\\/antoniacamia.adrirodrigom5.es\\\/#website\"},\"datePublished\":\"2025-11-11T11:06:52+00:00\",\"dateModified\":\"2025-12-05T08:55:11+00:00\",\"breadcrumb\":{\"@id\":\"https:\\\/\\\/antoniacamia.adrirodrigom5.es\\\/product\\\/camisa-coto-dona\\\/#breadcrumb\"},\"inLanguage\":\"en-GB\",\"potentialAction\":[{\"@type\":\"ReadAction\",\"target\":[\"https:\\\/\\\/antoniacamia.adrirodrigom5.es\\\/product\\\/camisa-coto-dona\\\/\"]}]},{\"@type\":\"BreadcrumbList\",\"@id\":\"https:\\\/\\\/antoniacamia.adrirodrigom5.es\\\/product\\\/camisa-coto-dona\\\/#breadcrumb\",\"itemListElement\":[{\"@type\":\"ListItem\",\"position\":1,\"name\":\"Portada\",\"item\":\"https:\\\/\\\/antoniacamia.adrirodrigom5.es\\\/\"},{\"@type\":\"ListItem\",\"position\":2,\"name\":\"Botiga\",\"item\":\"https:\\\/\\\/antoniacamia.adrirodrigom5.es\\\/botiga\\\/\"},{\"@type\":\"ListItem\",\"position\":3,\"name\":\"camisa cot\u00f3 dona\"}]},{\"@type\":\"WebSite\",\"@id\":\"https:\\\/\\\/antoniacamia.adrirodrigom5.es\\\/#website\",\"url\":\"https:\\\/\\\/antoniacamia.adrirodrigom5.es\\\/\",\"name\":\"Ant\u00f2nia Camia Studio\",\"description\":\"\",\"publisher\":{\"@id\":\"https:\\\/\\\/antoniacamia.adrirodrigom5.es\\\/#organization\"},\"potentialAction\":[{\"@type\":\"SearchAction\",\"target\":{\"@type\":\"EntryPoint\",\"urlTemplate\":\"https:\\\/\\\/antoniacamia.adrirodrigom5.es\\\/?s={search_term_string}\"},\"query-input\":{\"@type\":\"PropertyValueSpecification\",\"valueRequired\":true,\"valueName\":\"search_term_string\"}}],\"inLanguage\":\"en-GB\"},{\"@type\":\"Organization\",\"@id\":\"https:\\\/\\\/antoniacamia.adrirodrigom5.es\\\/#organization\",\"name\":\"Ant\u00f2nia Camia Studio\",\"url\":\"https:\\\/\\\/antoniacamia.adrirodrigom5.es\\\/\",\"logo\":{\"@type\":\"ImageObject\",\"inLanguage\":\"en-GB\",\"@id\":\"https:\\\/\\\/antoniacamia.adrirodrigom5.es\\\/#\\\/schema\\\/logo\\\/image\\\/\",\"url\":\"https:\\\/\\\/antoniacamia.adrirodrigom5.es\\\/wp-content\\\/uploads\\\/2025\\\/11\\\/IMG_7216-1-1.jpg\",\"contentUrl\":\"https:\\\/\\\/antoniacamia.adrirodrigom5.es\\\/wp-content\\\/uploads\\\/2025\\\/11\\\/IMG_7216-1-1.jpg\",\"width\":765,\"height\":425,\"caption\":\"Ant\u00f2nia Camia Studio\"},\"image\":{\"@id\":\"https:\\\/\\\/antoniacamia.adrirodrigom5.es\\\/#\\\/schema\\\/logo\\\/image\\\/\"}}]}<\/script>\n<!-- \/ Yoast SEO plugin. -->","yoast_head_json":{"title":"camisa cot\u00f3 dona - Ant\u00f2nia Camia Studio","robots":{"index":"noindex","follow":"follow","max-snippet":"max-snippet:-1","max-image-preview":"max-image-preview:large","max-video-preview":"max-video-preview:-1"},"og_locale":"en_GB","og_type":"article","og_title":"camisa cot\u00f3 dona - Ant\u00f2nia Camia Studio","og_description":"camises de cot\u00f3 100%","og_url":"https:\/\/antoniacamia.adrirodrigom5.es\/en\/product\/camisa-coto-dona\/","og_site_name":"Ant\u00f2nia Camia Studio","article_modified_time":"2025-12-05T08:55:11+00:00","twitter_card":"summary_large_image","twitter_misc":{"Estimated reading time":"1 minute"},"schema":{"@context":"https:\/\/schema.org","@graph":[{"@type":"WebPage","@id":"https:\/\/antoniacamia.adrirodrigom5.es\/product\/camisa-coto-dona\/","url":"https:\/\/antoniacamia.adrirodrigom5.es\/product\/camisa-coto-dona\/","name":"camisa cot\u00f3 dona - Ant\u00f2nia Camia Studio","isPartOf":{"@id":"https:\/\/antoniacamia.adrirodrigom5.es\/#website"},"datePublished":"2025-11-11T11:06:52+00:00","dateModified":"2025-12-05T08:55:11+00:00","breadcrumb":{"@id":"https:\/\/antoniacamia.adrirodrigom5.es\/product\/camisa-coto-dona\/#breadcrumb"},"inLanguage":"en-GB","potentialAction":[{"@type":"ReadAction","target":["https:\/\/antoniacamia.adrirodrigom5.es\/product\/camisa-coto-dona\/"]}]},{"@type":"BreadcrumbList","@id":"https:\/\/antoniacamia.adrirodrigom5.es\/product\/camisa-coto-dona\/#breadcrumb","itemListElement":[{"@type":"ListItem","position":1,"name":"Portada","item":"https:\/\/antoniacamia.adrirodrigom5.es\/"},{"@type":"ListItem","position":2,"name":"Botiga","item":"https:\/\/antoniacamia.adrirodrigom5.es\/botiga\/"},{"@type":"ListItem","position":3,"name":"camisa cot\u00f3 dona"}]},{"@type":"WebSite","@id":"https:\/\/antoniacamia.adrirodrigom5.es\/#website","url":"https:\/\/antoniacamia.adrirodrigom5.es\/","name":"Ant\u00f2nia Camia Studio","description":"","publisher":{"@id":"https:\/\/antoniacamia.adrirodrigom5.es\/#organization"},"potentialAction":[{"@type":"SearchAction","target":{"@type":"EntryPoint","urlTemplate":"https:\/\/antoniacamia.adrirodrigom5.es\/?s={search_term_string}"},"query-input":{"@type":"PropertyValueSpecification","valueRequired":true,"valueName":"search_term_string"}}],"inLanguage":"en-GB"},{"@type":"Organization","@id":"https:\/\/antoniacamia.adrirodrigom5.es\/#organization","name":"Ant\u00f2nia Camia Studio","url":"https:\/\/antoniacamia.adrirodrigom5.es\/","logo":{"@type":"ImageObject","inLanguage":"en-GB","@id":"https:\/\/antoniacamia.adrirodrigom5.es\/#\/schema\/logo\/image\/","url":"https:\/\/antoniacamia.adrirodrigom5.es\/wp-content\/uploads\/2025\/11\/IMG_7216-1-1.jpg","contentUrl":"https:\/\/antoniacamia.adrirodrigom5.es\/wp-content\/uploads\/2025\/11\/IMG_7216-1-1.jpg","width":765,"height":425,"caption":"Ant\u00f2nia Camia Studio"},"image":{"@id":"https:\/\/antoniacamia.adrirodrigom5.es\/#\/schema\/logo\/image\/"}}]}},"_links":{"self":[{"href":"https:\/\/antoniacamia.adrirodrigom5.es\/en\/wp-json\/wp\/v2\/product\/237","targetHints":{"allow":["GET"]}}],"collection":[{"href":"https:\/\/antoniacamia.adrirodrigom5.es\/en\/wp-json\/wp\/v2\/product"}],"about":[{"href":"https:\/\/antoniacamia.adrirodrigom5.es\/en\/wp-json\/wp\/v2\/types\/product"}],"replies":[{"embeddable":true,"href":"https:\/\/antoniacamia.adrirodrigom5.es\/en\/wp-json\/wp\/v2\/comments?post=237"}],"wp:attachment":[{"href":"https:\/\/antoniacamia.adrirodrigom5.es\/en\/wp-json\/wp\/v2\/media?parent=237"}],"wp:term":[{"taxonomy":"product_brand","embeddable":true,"href":"https:\/\/antoniacamia.adrirodrigom5.es\/en\/wp-json\/wp\/v2\/product_brand?post=237"},{"taxonomy":"product_cat","embeddable":true,"href":"https:\/\/antoniacamia.adrirodrigom5.es\/en\/wp-json\/wp\/v2\/product_cat?post=237"},{"taxonomy":"product_tag","embeddable":true,"href":"https:\/\/antoniacamia.adrirodrigom5.es\/en\/wp-json\/wp\/v2\/product_tag?post=237"}],"curies":[{"name":"wp","href":"https:\/\/api.w.org\/{rel}","templated":true}]}}